{"id":2,"date":"2016-05-10T03:48:21","date_gmt":"2016-05-10T03:48:21","guid":{"rendered":"http:\/\/staudinger-bauservice.eu\/?page_id=2"},"modified":"2020-02-14T14:10:00","modified_gmt":"2020-02-14T14:10:00","slug":"sample-page","status":"publish","type":"page","link":"http:\/\/staudinger-bauservice.eu\/?page_id=2","title":{"rendered":"Dienstleistungen"},"content":{"rendered":"\n<ul class=\"wp-block-list\"><li>Bauleitung f\u00fcr&nbsp;Neubau- &amp; Altbausanierung<\/li><\/ul>\n\n\n\n<ul class=\"wp-block-list\"><li>Bauleitung f\u00fcr Denkmalgesch\u00fctzte Objekte&nbsp;<\/li><\/ul>\n\n\n\n<ul class=\"wp-block-list\"><li>Baubegleitende Qualit\u00e4tskontrolle&nbsp;<\/li><\/ul>\n\n\n\n<ul class=\"wp-block-list\"><li>Sachverst\u00e4ndige f\u00fcr das Bauwesen&nbsp;&nbsp;<\/li><\/ul>\n\n\n\n<ul class=\"wp-block-list\"><li>Geb\u00e4ude-Pr\u00fcfung<\/li><\/ul>\n\n\n\n<ul class=\"wp-block-list\"><li>Wohnfl\u00e4chenberechnungen<\/li><\/ul>\n\n\n\n<ul class=\"wp-block-list\"><li>Ablesungen von Gas-, Wasser- &amp; Stromz\u00e4hler\u00a0<\/li><\/ul>\n\n\n\n<ul class=\"wp-block-list\"><li>Massenermittlung &amp; Abrechnung<\/li><\/ul>\n\n\n\n<figure class=\"wp-block-image size-large\"><img loading=\"lazy\" decoding=\"async\" width=\"1024\" height=\"683\" src=\"http:\/\/staudinger-bauservice.eu\/wp-content\/uploads\/2020\/02\/Bauzeichnung-1024x683.jpeg\" alt=\"\" class=\"wp-image-81\" srcset=\"http:\/\/staudinger-bauservice.eu\/wp-content\/uploads\/2020\/02\/Bauzeichnung-1024x683.jpeg 1024w, http:\/\/staudinger-bauservice.eu\/wp-content\/uploads\/2020\/02\/Bauzeichnung-300x200.jpeg 300w, http:\/\/staudinger-bauservice.eu\/wp-content\/uploads\/2020\/02\/Bauzeichnung-768x512.jpeg 768w, http:\/\/staudinger-bauservice.eu\/wp-content\/uploads\/2020\/02\/Bauzeichnung.jpeg 1080w\" sizes=\"auto, (max-width: 1024px) 100vw, 1024px\" \/><figcaption>Bauzeichnung<\/figcaption><\/figure>\n","protected":false},"excerpt":{"rendered":"<p>Bauleitung f\u00fcr&nbsp;Neubau- &amp; Altbausanierung Bauleitung f\u00fcr Denkmalgesch\u00fctzte Objekte&nbsp; Baubegleitende Qualit\u00e4tskontrolle&nbsp; Sachverst\u00e4ndige f\u00fcr das Bauwesen&nbsp;&nbsp; Geb\u00e4ude-Pr\u00fcfung Wohnfl\u00e4chenberechnungen Ablesungen von Gas-, Wasser- &amp; Stromz\u00e4hler\u00a0 Massenermittlung &amp; Abrechnung<\/p>\n","protected":false},"author":1,"featured_media":0,"parent":0,"menu_order":0,"comment_status":"closed","ping_status":"open","template":"","meta":{"footnotes":""},"class_list":["post-2","page","type-page","status-publish","hentry"],"_links":{"self":[{"href":"http:\/\/staudinger-bauservice.eu\/index.php?rest_route=\/wp\/v2\/pages\/2","targetHints":{"allow":["GET"]}}],"collection":[{"href":"http:\/\/staudinger-bauservice.eu\/index.php?rest_route=\/wp\/v2\/pages"}],"about":[{"href":"http:\/\/staudinger-bauservice.eu\/index.php?rest_route=\/wp\/v2\/types\/page"}],"author":[{"embeddable":true,"href":"http:\/\/staudinger-bauservice.eu\/index.php?rest_route=\/wp\/v2\/users\/1"}],"replies":[{"embeddable":true,"href":"http:\/\/staudinger-bauservice.eu\/index.php?rest_route=%2Fwp%2Fv2%2Fcomments&post=2"}],"version-history":[{"count":5,"href":"http:\/\/staudinger-bauservice.eu\/index.php?rest_route=\/wp\/v2\/pages\/2\/revisions"}],"predecessor-version":[{"id":83,"href":"http:\/\/staudinger-bauservice.eu\/index.php?rest_route=\/wp\/v2\/pages\/2\/revisions\/83"}],"wp:attachment":[{"href":"http:\/\/staudinger-bauservice.eu\/index.php?rest_route=%2Fwp%2Fv2%2Fmedia&parent=2"}],"curies":[{"name":"wp","href":"https:\/\/api.w.org\/{rel}","templated":true}]}}