{"id":41,"date":"2020-02-03T23:06:43","date_gmt":"2020-02-03T23:06:43","guid":{"rendered":"http:\/\/staudinger-bauservice.eu\/?page_id=41"},"modified":"2020-02-03T23:13:51","modified_gmt":"2020-02-03T23:13:51","slug":"sonstige-leistungen","status":"publish","type":"page","link":"http:\/\/staudinger-bauservice.eu\/?page_id=41","title":{"rendered":"Sonstige Leistungen"},"content":{"rendered":"\n<ul class=\"wp-block-list\"><li>Laserpunkt-genaue Vermessung: vertikal und horizontal mit Rotationsgeschwindigkeit und\u00a0Selbstnivellierung<\/li><\/ul>\n\n\n\n<figure class=\"wp-block-image size-large\"><img loading=\"lazy\" decoding=\"async\" width=\"1024\" height=\"682\" src=\"http:\/\/staudinger-bauservice.eu\/wp-content\/uploads\/2020\/02\/13621de3aca-1024x682.jpg\" alt=\"\" class=\"wp-image-43\" srcset=\"http:\/\/staudinger-bauservice.eu\/wp-content\/uploads\/2020\/02\/13621de3aca-1024x682.jpg 1024w, http:\/\/staudinger-bauservice.eu\/wp-content\/uploads\/2020\/02\/13621de3aca-300x200.jpg 300w, http:\/\/staudinger-bauservice.eu\/wp-content\/uploads\/2020\/02\/13621de3aca-768x511.jpg 768w, http:\/\/staudinger-bauservice.eu\/wp-content\/uploads\/2020\/02\/13621de3aca.jpg 1200w\" sizes=\"auto, (max-width: 1024px) 100vw, 1024px\" \/><figcaption>Treffsichere Analysen durch neuesten Stand der&nbsp;Technik<\/figcaption><\/figure>\n\n\n\n<ul class=\"wp-block-list\"><li>Fotodokumentation nach der neuesten digitalen Bildverarbeitung<\/li><\/ul>\n\n\n\n<figure class=\"wp-block-image size-large is-resized\"><img loading=\"lazy\" decoding=\"async\" src=\"http:\/\/staudinger-bauservice.eu\/wp-content\/uploads\/2020\/02\/13621e57409-682x1024.jpg\" alt=\"\" class=\"wp-image-42\" width=\"576\" height=\"865\" srcset=\"http:\/\/staudinger-bauservice.eu\/wp-content\/uploads\/2020\/02\/13621e57409-682x1024.jpg 682w, http:\/\/staudinger-bauservice.eu\/wp-content\/uploads\/2020\/02\/13621e57409-200x300.jpg 200w, http:\/\/staudinger-bauservice.eu\/wp-content\/uploads\/2020\/02\/13621e57409-768x1152.jpg 768w, http:\/\/staudinger-bauservice.eu\/wp-content\/uploads\/2020\/02\/13621e57409.jpg 853w\" sizes=\"auto, (max-width: 576px) 100vw, 576px\" \/><figcaption>Canon EOS 60D<\/figcaption><\/figure>\n\n\n\n<ul class=\"wp-block-list\"><li>Messwerkzeug f\u00fcr die Erfassung von versteckten Hintergr\u00fcnden<ul><li>Ortung von Metallen z.B. Armierungseisen, Holzbalken, sowie spannungsf\u00fchrenden Leitungen in W\u00e4nden, Decken und Fu\u00dfb\u00f6den.<\/li><\/ul><\/li><\/ul>\n\n\n\n<ul class=\"wp-block-list\"><li>Messen mit Laser-Distanzmesser<ul><li>Volumen, Neigungsmesser, direkte Horizontaldistanz, Raumwinkelfunktion, Absteckfunktion und indirekte Messung<\/li><\/ul><\/li><\/ul>\n\n\n\n<ul class=\"wp-block-list\"><li>W\u00e4rmebildkamera<ul><li>Geb\u00e4ude-Thermografie hochaufl\u00f6sender W\u00e4rmebilder<\/li><li>Thermografie von Schimmel und Feuchte-Messung<\/li><li>Baum\u00e4ngel &amp; Bauqualit\u00e4t aufsp\u00fcren<\/li><li>Dachleckagen punktgenau orten<\/li><li>Ausf\u00fchrliche Energieberatung durchf\u00fchren<\/li><li>Einfache \u00dcberpr\u00fcfung von Heizung &amp; Installationen<\/li><li>\u00dcberwachung &amp; Kontrolle von Solar- &amp; Photovoltaikanlagen<\/li><li>Den Rohrbruch schnell und sicher erfasst.<\/li><li>Luftdichtigkeit von Neubauten pr\u00fcfen.<\/li><li>Geb\u00e4udeh\u00fcllen auf einen Blick analysieren.<\/li><\/ul><\/li><\/ul>\n","protected":false},"excerpt":{"rendered":"<p>Laserpunkt-genaue Vermessung: vertikal und horizontal mit Rotationsgeschwindigkeit und\u00a0Selbstnivellierung Fotodokumentation nach der neuesten digitalen Bildverarbeitung Messwerkzeug f\u00fcr die Erfassung von versteckten Hintergr\u00fcnden Ortung von Metallen z.B. Armierungseisen, Holzbalken, sowie spannungsf\u00fchrenden Leitungen in W\u00e4nden, Decken und Fu\u00dfb\u00f6den. Messen mit Laser-Distanzmesser Volumen, Neigungsmesser, direkte Horizontaldistanz, Raumwinkelfunktion, Absteckfunktion und indirekte Messung W\u00e4rmebildkamera Geb\u00e4ude-Thermografie hochaufl\u00f6sender W\u00e4rmebilder Thermografie von Schimmel und [&hellip;]<\/p>\n","protected":false},"author":1,"featured_media":0,"parent":0,"menu_order":0,"comment_status":"closed","ping_status":"closed","template":"","meta":{"footnotes":""},"class_list":["post-41","page","type-page","status-publish","hentry"],"_links":{"self":[{"href":"http:\/\/staudinger-bauservice.eu\/index.php?rest_route=\/wp\/v2\/pages\/41","targetHints":{"allow":["GET"]}}],"collection":[{"href":"http:\/\/staudinger-bauservice.eu\/index.php?rest_route=\/wp\/v2\/pages"}],"about":[{"href":"http:\/\/staudinger-bauservice.eu\/index.php?rest_route=\/wp\/v2\/types\/page"}],"author":[{"embeddable":true,"href":"http:\/\/staudinger-bauservice.eu\/index.php?rest_route=\/wp\/v2\/users\/1"}],"replies":[{"embeddable":true,"href":"http:\/\/staudinger-bauservice.eu\/index.php?rest_route=%2Fwp%2Fv2%2Fcomments&post=41"}],"version-history":[{"count":3,"href":"http:\/\/staudinger-bauservice.eu\/index.php?rest_route=\/wp\/v2\/pages\/41\/revisions"}],"predecessor-version":[{"id":50,"href":"http:\/\/staudinger-bauservice.eu\/index.php?rest_route=\/wp\/v2\/pages\/41\/revisions\/50"}],"wp:attachment":[{"href":"http:\/\/staudinger-bauservice.eu\/index.php?rest_route=%2Fwp%2Fv2%2Fmedia&parent=41"}],"curies":[{"name":"wp","href":"https:\/\/api.w.org\/{rel}","templated":true}]}}