{"id":55,"date":"2020-02-03T23:21:45","date_gmt":"2020-02-03T23:21:45","guid":{"rendered":"http:\/\/staudinger-bauservice.eu\/?page_id=55"},"modified":"2020-02-03T23:21:45","modified_gmt":"2020-02-03T23:21:45","slug":"impressum","status":"publish","type":"page","link":"https:\/\/staudinger-bauservice.eu\/?page_id=55","title":{"rendered":"Impressum"},"content":{"rendered":"\n<p>Ralf Staudinger-Bauservice<\/p>\n\n\n\n<p>Beethovenring 82<\/p>\n\n\n\n<p>48703 Stadtlohn<br>\u00a0\u00a0\u00a0\u00a0\u00a0\u00a0\u00a0\u00a0\u00a0\u00a0\u00a0\u00a0\u00a0\u00a0\u00a0\u00a0\u00a0\u00a0\u00a0\u00a0<\/p>\n\n\n\n<p>Rechtsbelehrung:<\/p>\n\n\n\n<p>Diese Internetseiten dienen der allgemeinen Information \u00fcber die Staudinger &#8211; Bauservice, ihre Produkte und Dienstleistungen. Sie dienen nicht der Erteilung fachlicher Ratschl\u00e4ge oder Anweisungen verkauften Produkten oder Dienstleistungen. F\u00fcr spezielle Anfragen zu unseren Produkten oder Dienstleistungen nehmen Sie bitte direkt mit Staudinger &#8211; Bauservice Kontakt auf. Wir bem\u00fchen uns, Ihnen genaue und aktuelle Informationen zur Verf\u00fcgung zu stellen. Staudinger-Bausevice kann jedoch nicht f\u00fcr Sch\u00e4den haftbar gemacht werden, die im Zusammenhang mit diesen Informationen stehen. &nbsp;<\/p>\n\n\n\n<p>Deshalb \u00fcbernehmen wir weder ausdr\u00fccklich oder konkludent eine Gew\u00e4hrleistung oder Garantie und machen keinerlei Zusicherungen im Hinblick auf die Richtigkeit und Vollst\u00e4ndigkeit der zur Verf\u00fcgung gestellten oder in Bezug genommenen \u2028Informationen. &nbsp;<\/p>\n\n\n\n<p>Jegliche Nutzung unserer Internetseiten oder aller anderen, mit diesen verbundenen ( Link -) Seiten, sowie deren Inhalt geschieht auf eigene Gefahr der Nutzer. Weder Staudinger Bauservice noch irgendeine andere Partei, die mit der Herstellung, zur Verf\u00fcgungstellung, Gestaltung und Unterhaltung des gesamten Internet-Angebotes, sowie einzelner Teile hiervon oder mit uns verbundenen Seiten und Angeboten befasst sind, haften in irgendeiner Art f\u00fcr unmittelbare und mittelbare Sch\u00e4den oder f\u00fcr verschuldensunabh\u00e4ngige Sch\u00e4den, die aufgrund des Zugangs, der Nutzung, der Unm\u00f6glichkeit der Nutzung des Internet-Angebotes von Staudinger Bauservice oder damit verbundenen Informationsangeboten entstehen k\u00f6nnen. Diese Internetseiten enthalten auch Informationen von Dritten und weisen auf andere Internet-Seiten hin. Wo immer m\u00f6glich, ist dies entsprechend markiert. F\u00fcr die Informationen von Dritten k\u00f6nnen wir keine Haftung \u00fcbernehmen. S\u00e4mtliche Bilder und Informationen dieser Internet-Seiten sind, soweit sie vervielf\u00e4ltigungsf\u00e4hig sind, urheberrechtlich oder durch andere gewerbliche Schutzrechte gesch\u00fctzt. Wir behalten uns das Recht vor, den Inhalt dieser Internet-Seiten ohne vorherige Ank\u00fcndigung zu \u00e4ndern, wann immer wir das f\u00fcr richtig halten. &nbsp;<\/p>\n\n\n\n<p>Eine Haftung ergibt sich hieraus nicht.<\/p>\n\n\n\n<p>\u2028\u2028Staudinger-bauservice Stadtlohn Mai 2018<br><\/p>\n\n\n\n<p>\u2028Haftungsausschluss:<\/p>\n\n\n\n<p>\u2028\u2028F\u00fcr die Inhalte externer Links \u00fcbernehmen wir trotz sorgf\u00e4ltiger Pr\u00fcfung keine Haftung. Den Inhalt verlinkter Seiten verantworten deren Betreiber.<\/p>\n","protected":false},"excerpt":{"rendered":"<p>Ralf Staudinger-Bauservice Beethovenring 82 48703 Stadtlohn\u00a0\u00a0\u00a0\u00a0\u00a0\u00a0\u00a0\u00a0\u00a0\u00a0\u00a0\u00a0\u00a0\u00a0\u00a0\u00a0\u00a0\u00a0\u00a0\u00a0 Rechtsbelehrung: Diese Internetseiten dienen der allgemeinen Information \u00fcber die Staudinger &#8211; Bauservice, ihre Produkte und Dienstleistungen. Sie dienen nicht der Erteilung fachlicher Ratschl\u00e4ge oder Anweisungen verkauften Produkten oder Dienstleistungen. F\u00fcr spezielle Anfragen zu unseren Produkten oder Dienstleistungen nehmen Sie bitte direkt mit Staudinger &#8211; Bauservice Kontakt auf. Wir bem\u00fchen [&hellip;]<\/p>\n","protected":false},"author":1,"featured_media":0,"parent":0,"menu_order":0,"comment_status":"closed","ping_status":"closed","template":"","meta":{"footnotes":""},"class_list":["post-55","page","type-page","status-publish","hentry"],"_links":{"self":[{"href":"https:\/\/staudinger-bauservice.eu\/index.php?rest_route=\/wp\/v2\/pages\/55","targetHints":{"allow":["GET"]}}],"collection":[{"href":"https:\/\/staudinger-bauservice.eu\/index.php?rest_route=\/wp\/v2\/pages"}],"about":[{"href":"https:\/\/staudinger-bauservice.eu\/index.php?rest_route=\/wp\/v2\/types\/page"}],"author":[{"embeddable":true,"href":"https:\/\/staudinger-bauservice.eu\/index.php?rest_route=\/wp\/v2\/users\/1"}],"replies":[{"embeddable":true,"href":"https:\/\/staudinger-bauservice.eu\/index.php?rest_route=%2Fwp%2Fv2%2Fcomments&post=55"}],"version-history":[{"count":1,"href":"https:\/\/staudinger-bauservice.eu\/index.php?rest_route=\/wp\/v2\/pages\/55\/revisions"}],"predecessor-version":[{"id":56,"href":"https:\/\/staudinger-bauservice.eu\/index.php?rest_route=\/wp\/v2\/pages\/55\/revisions\/56"}],"wp:attachment":[{"href":"https:\/\/staudinger-bauservice.eu\/index.php?rest_route=%2Fwp%2Fv2%2Fmedia&parent=55"}],"curies":[{"name":"wp","href":"https:\/\/api.w.org\/{rel}","templated":true}]}}